{"id":39,"date":"2017-07-25T11:58:01","date_gmt":"2017-07-25T08:58:01","guid":{"rendered":"http:\/\/www.mpguvenlik.com.tr\/?page_id=39"},"modified":"2017-08-08T15:39:23","modified_gmt":"2017-08-08T12:39:23","slug":"iletisim","status":"publish","type":"page","link":"http:\/\/www.mpguvenlik.com.tr\/index.php\/iletisim\/","title":{"rendered":"\u0130leti\u015fim"},"content":{"rendered":"<div data-vc-full-width=\"true\" data-vc-full-width-init=\"false\" data-vc-stretch-content=\"true\" class=\"vc_row wpb_row vc_row-fluid vc_row-no-padding\"><div class=\"wpb_column vc_column_container vc_col-sm-12\"><div class=\"vc_column-inner \"><div class=\"wpb_wrapper\">\n\t\t\t\t<div class=\"vcmp-our-map  \">\n\t\t\t\t<style scoped>\n\t\t\t\t\t\/* Set a size for our map container, the Google Map will take up 100% of this container *\/\n\t\t\t\t\t#map-0 {\n\t\t\t\t\t\twidth: 100%;\n\t\t\t\t\t\theight: 450px;\n\t\t\t\t\t}\n\t\t\t\t<\/style>\n\t\t\t\t\n\t\t\t\t<script type=\"text\/javascript\" src=\"https:\/\/maps.googleapis.com\/maps\/api\/js?key=AIzaSyCQG8Q1ZK8q6mECJDhK49NUSSrnT5KlwZg&amp;libraries=places\"><\/script>\n\t\t\t\t<script type=\"text\/javascript\">\n\t\t\t\t\t\t\n\t\t\t\t\t\t\/\/ When the window has finished loading create our google map below\n\t\t\t\t\t\tgoogle.maps.event.addDomListener(window, 'load', init);\n\t\t\t\t\t\n\t\t\t\t\t\tfunction init() {\n\t\t\t\t\t\t\t\/\/ Basic options for a simple Google Map\n\t\t\t\t\t\t\t\/\/ For more options see: https:\/\/developers.google.com\/maps\/documentation\/javascript\/reference#MapOptions\n\t\t\t\t\t\t\n\t\t\t\t\t\t\n\t\t\t\t\t\tvar locations = [\n\t\t\t\t\t\t\t\t\t\t \n\t\t\t\t\t  ['<h2 style=\"text-align: left;font-family:Exo;font-weight:400;font-style:normal\">Mp G\u00fcvenlik<\/h2>  ', 39.921527, 32.849522, 1],\n\t\t\t\t  \n\t\t\t\t\t\t\t\t\t\t];\n\t\t\t\t\t\n\t\t\t\t\t\tvar mapOptions = {\n\n\t\t\t\t\t\t\t\tcenter: new google.maps.LatLng(39.921527, 32.849522), \/\/ Location\n\t\t\t\t\t\t\t\t\n\t\t\t\t\t\t\t\tscrollwheel: false,\n\t\t\t\t\t\t\t\t\n\t\t\t\t\t\t\t\tpanControl: false,\n\t\t\t\t\t\t\t\t\n\t\t\t\t\t\t\t\tzoomControl: true,\n\t\t\t\t\t\t\t\t\n\t\t\t\t\t\t\t\tzoom: 16,\n\t\t\t\t\t\t\t\t\n\t\t\t\t\t\t\t\tmapTypeControl: false,\n\t\t\t\t\t\t\t\t\n\t\t\t\t\t\t\t\tstreetViewControl: false,\n\t\t\t\t\t\t\t\t\n\t\t\t\t\t\t\t\trotateControl: true,\n\t\t\t\t\t\t\t\t\n\t\t\t\t\t\t\t\tstyles: [\n\t\t\t\t\t\t\t\t\n\t\t\t\t\t\t\t\t{\"featureType\":\"administrative\",\"elementType\":\"labels.text.fill\",\"stylers\":[{\"color\":\"\"}]},\n\t\t\t\t\t\t\t\t\n\t\t\t\t\t\t\t\t{\"featureType\":\"landscape\",\"elementType\":\"all\",\"stylers\":[{\"color\":\"\"}]},\n\t\t\t\t\t\t\t\t\n\t\t\t\t\t\t\t\t{\"featureType\":\"poi\",\"elementType\":\"all\",\"stylers\":[{\"visibility\":\"off\"}]},\n\t\t\t\t\t\t\t\t\n\t\t\t\t\t\t\t\t{\"featureType\":\"poi\",\"elementType\":\"labels.text\",\"stylers\":[{\"visibility\":\"off\"}]},\n\t\t\t\t\t\t\t\t\n\t\t\t\t\t\t\t\t{\"featureType\":\"road\",\"elementType\":\"all\",\"stylers\":[{\"saturation\":50},{\"lightness\":45}]},\n\t\t\t\t\t\t\t\t\n\t\t\t\t\t\t\t\t{\"featureType\":\"road.highway\",\"elementType\":\"all\",\"stylers\":[{\"visibility\":\"simplified\"}]},\n\t\t\t\t\t\t\t\t\n\t\t\t\t\t\t\t\t{\"featureType\":\"road.arterial\",\"elementType\":\"labels.icon\",\"stylers\":[{\"visibility\":\"off\"}]},\n\t\t\t\t\t\t\t\t\n\t\t\t\t\t\t\t\t{\"featureType\":\"transit\",\"elementType\":\"all\",\"stylers\":[{\"visibility\":\"off\"}]},\n\t\t\t\t\t\t\t\t\n\t\t\t\t\t\t\t\t{\"featureType\":\"water\",\"elementType\":\"all\",\"stylers\":[{\"color\":\"\"},{\"visibility\":\"on\"}]}]\n\t\t\t\t\t\t\t};\n\t\t\t\t\t\t\t\n\t\t\t\t\t\t\tvar latlng = new google.maps.LatLng(39.921527, 32.849522); \n\n\t\t\t\t\t\t\t\/\/ Get the HTML DOM element that will contain your map \n\t\t\t\t\t\t\t\/\/ We are using a div with id=\"map\" seen below in the <body>\n\t\t\t\t\t\t\tvar mapElement = document.getElementById('map-0');\n\n\t\t\t\t\t\t\t\/\/ Create the Google Map using out element and options defined above\n\t\t\t\t\t\t\tvar map = new google.maps.Map(mapElement, mapOptions);\n\t\t\t\t\t\t\t\n\t\t\t\t\t\t\tvar infowindow = new google.maps.InfoWindow({\n\t\t\t\t\t\t\t  maxWidth: 400\n\t\t\t\t\t\t\t});\n\n\t\t\t\t\t\t\t\n\t\t\t\t\t\t\tvar marker, i;\n\n\t\t\t\t\t\t\tfor (i = 0; i < locations.length; i++) {  \n\t\t\t\t\t\t\t  marker = new google.maps.Marker({\n\t\t\t\t\t\t\t\tdraggable: true,\n\t\t\t\t\t\t\t\tposition: new google.maps.LatLng(locations[i][1], locations[i][2]),\n\t\t\t\t\t\t\t\ticon: '',\n\t\t\t\t\t\t\t\ttitle: '',\n\t\t\t\t\t\t\t\tanimation: google.maps.Animation.DROP,\n\t\t\t\t\t\t\t\tmap: map\n\t\t\t\t\t\t\t  });\n\n\t\t\t\t\t\t\t  google.maps.event.addListener(marker, 'click', (function(marker, i) {\n\t\t\t\t\t\t\t\treturn function() {\n\t\t\t\t\t\t\t\t  infowindow.setContent(locations[i][0]);\n\t\t\t\t\t\t\t\t  infowindow.open(map, marker);\n\t\t\t\t\t\t\t\t}\n\t\t\t\t\t\t\t  })(marker, i));\n\t\t\t\t\t\t\t}\n\t\t\t\t\t\t}\n\t\t\t\t<\/script>\n\t\t\t\n\t\t\t\t<div id=\"map-0\"><\/div>\n\t\t\t\n\t\t\t<\/div>\n\t\t\n\t\t\t\t<\/div><\/div><\/div><\/div><div class=\"vc_row-full-width vc_clearfix\"><\/div><div class=\"vc_row wpb_row vc_row-fluid vc_custom_1500975464903\"><div class=\"wpb_column vc_column_container vc_col-sm-6\"><div class=\"vc_column-inner \"><div class=\"wpb_wrapper\"><h2 style=\"font-size: 30px;color: #f44336;text-align: left;font-family:Exo;font-weight:400;font-style:normal\" class=\"vc_custom_heading\">\u0130leti\u015fim Bilgileri<\/h2><div class=\"vc_separator wpb_content_element vc_separator_align_center vc_sep_width_100 vc_sep_pos_align_center vc_separator_no_text vc_sep_color_grey\"><span class=\"vc_sep_holder vc_sep_holder_l\"><span  class=\"vc_sep_line\"><\/span><\/span><span class=\"vc_sep_holder vc_sep_holder_r\"><span  class=\"vc_sep_line\"><\/span><\/span>\n<\/div><div id=\"ts-vcsc-box-icon-3878060\" class=\"ts-vcsc-box-icon   boxed-style ts-box-icon  \"  style=\"margin-bottom:0px; margin-top:0px;\"><div class=\"ts-css-shadow  \" style=\"background-color: #ffffff; margin-left: 25px; \"><div class=\"ts-icon-box-boxed  left \" style=\"   margin-left: 0px; padding: 0 0 0 55px; background-color: #ffffff;\"><div class=\"ts-icon-box-separator\" style=\"border-left: 5px solid #f44336; padding-left: 36px; \"><i style=\"padding: 5px 5px; background-color:; width: 50px; height: 50px; font-size: 50px; line-height: 50px;  left:-36px; margin-top:-31px; color: #f44336;\" class=\"ts-box-icon-title-icon fa fa-map-marker ts-main-ico ts-font-icon   \"><\/i><div class=\"ts-icon-box-inner \" style=\"\"><div class=\"ts-box-icon-title\" style=\"color:#000000; font-size:25px; font-weight:inherit; margin-top:0px; margin-bottom: 10px; text-align:left; \">Adres:<\/div><div class=\"ts-icon-box-content\" style=\"margin-top: 10px; font-size: 14px; line-height: 14px; \">K\u0131z\u0131lay Mah. S\u00fcmer 2 Cad. No: 34\/10 \u00c7ankaya Ankara<\/div><\/div><\/div><\/div><div class=\"clearboth\"><\/div><\/div><\/div><div class=\"vc_separator wpb_content_element vc_separator_align_center vc_sep_width_100 vc_sep_pos_align_center vc_separator_no_text vc_sep_color_grey\"><span class=\"vc_sep_holder vc_sep_holder_l\"><span  class=\"vc_sep_line\"><\/span><\/span><span class=\"vc_sep_holder vc_sep_holder_r\"><span  class=\"vc_sep_line\"><\/span><\/span>\n<\/div><div id=\"ts-vcsc-box-icon-3760596\" class=\"ts-vcsc-box-icon   boxed-style ts-box-icon  \"  style=\"margin-bottom:0px; margin-top:0px;\"><div class=\"ts-css-shadow  \" style=\"background-color: #ffffff; margin-left: 25px; \"><div class=\"ts-icon-box-boxed  left \" style=\"   margin-left: 0px; padding: 0 0 0 55px; background-color: #ffffff;\"><div class=\"ts-icon-box-separator\" style=\"border-left: 5px solid #f44336; padding-left: 36px; \"><i style=\"padding: 5px 5px; background-color:; width: 50px; height: 50px; font-size: 50px; line-height: 50px;  left:-36px; margin-top:-31px; color: #f44336;\" class=\"ts-box-icon-title-icon fa fa-phone ts-main-ico ts-font-icon   \"><\/i><div class=\"ts-icon-box-inner \" style=\"\"><div class=\"ts-box-icon-title\" style=\"color:#000000; font-size:25px; font-weight:inherit; margin-top:0px; margin-bottom: 10px; text-align:left; \">Telefon:<\/div><div class=\"ts-icon-box-content\" style=\"margin-top: 10px; font-size: 14px; line-height: 14px; \">+90 312 232 20 25<\/div><\/div><\/div><\/div><div class=\"clearboth\"><\/div><\/div><\/div><div class=\"vc_separator wpb_content_element vc_separator_align_center vc_sep_width_100 vc_sep_pos_align_center vc_separator_no_text vc_sep_color_grey\"><span class=\"vc_sep_holder vc_sep_holder_l\"><span  class=\"vc_sep_line\"><\/span><\/span><span class=\"vc_sep_holder vc_sep_holder_r\"><span  class=\"vc_sep_line\"><\/span><\/span>\n<\/div><div id=\"ts-vcsc-box-icon-7314827\" class=\"ts-vcsc-box-icon   boxed-style ts-box-icon  \"  style=\"margin-bottom:0px; margin-top:0px;\"><div class=\"ts-css-shadow  \" style=\"background-color: #ffffff; margin-left: 25px; \"><div class=\"ts-icon-box-boxed  left \" style=\"   margin-left: 0px; padding: 0 0 0 55px; background-color: #ffffff;\"><div class=\"ts-icon-box-separator\" style=\"border-left: 5px solid #f44336; padding-left: 36px; \"><i style=\"padding: 5px 5px; background-color:; width: 50px; height: 50px; font-size: 50px; line-height: 50px;  left:-36px; margin-top:-31px; color: #f44336;\" class=\"ts-box-icon-title-icon fa fa-fax ts-main-ico ts-font-icon   \"><\/i><div class=\"ts-icon-box-inner \" style=\"\"><div class=\"ts-box-icon-title\" style=\"color:#000000; font-size:25px; font-weight:inherit; margin-top:0px; margin-bottom: 10px; text-align:left; \">Faks:<\/div><div class=\"ts-icon-box-content\" style=\"margin-top: 10px; font-size: 14px; line-height: 14px; \">+90 312 232 20 35<\/div><\/div><\/div><\/div><div class=\"clearboth\"><\/div><\/div><\/div><div class=\"vc_separator wpb_content_element vc_separator_align_center vc_sep_width_100 vc_sep_pos_align_center vc_separator_no_text vc_sep_color_grey\"><span class=\"vc_sep_holder vc_sep_holder_l\"><span  class=\"vc_sep_line\"><\/span><\/span><span class=\"vc_sep_holder vc_sep_holder_r\"><span  class=\"vc_sep_line\"><\/span><\/span>\n<\/div><div id=\"ts-vcsc-box-icon-5520054\" class=\"ts-vcsc-box-icon   boxed-style ts-box-icon  \"  style=\"margin-bottom:0px; margin-top:0px;\"><div class=\"ts-css-shadow  \" style=\"background-color: #ffffff; margin-left: 25px; \"><div class=\"ts-icon-box-boxed  left \" style=\"   margin-left: 0px; padding: 0 0 0 55px; background-color: #ffffff;\"><div class=\"ts-icon-box-separator\" style=\"border-left: 5px solid #f44336; padding-left: 36px; \"><i style=\"padding: 5px 5px; background-color:; width: 50px; height: 50px; font-size: 50px; line-height: 50px;  left:-36px; margin-top:-31px; color: #f44336;\" class=\"ts-box-icon-title-icon fa fa-envelope ts-main-ico ts-font-icon   \"><\/i><div class=\"ts-icon-box-inner \" style=\"\"><div class=\"ts-box-icon-title\" style=\"color:#000000; font-size:25px; font-weight:inherit; margin-top:0px; margin-bottom: 10px; text-align:left; \">E-posta:<\/div><div class=\"ts-icon-box-content\" style=\"margin-top: 10px; font-size: 14px; line-height: 14px; \"><a href=\"mailto:info@mpguvenlik.com.tr\">info@mpguvenlik.com.tr<\/a><\/div><\/div><\/div><\/div><div class=\"clearboth\"><\/div><\/div><\/div><\/div><\/div><\/div><div class=\"wpb_column vc_column_container vc_col-sm-6\"><div class=\"vc_column-inner \"><div class=\"wpb_wrapper\"><h2 style=\"font-size: 30px;color: #f44336;text-align: left;font-family:Exo;font-weight:400;font-style:normal\" class=\"vc_custom_heading\">\u0130leti\u015fim Formu<\/h2><div class=\"vc_separator wpb_content_element vc_separator_align_center vc_sep_width_100 vc_sep_pos_align_center vc_separator_no_text vc_sep_color_grey\"><span class=\"vc_sep_holder vc_sep_holder_l\"><span  class=\"vc_sep_line\"><\/span><\/span><span class=\"vc_sep_holder vc_sep_holder_r\"><span  class=\"vc_sep_line\"><\/span><\/span>\n<\/div><div role=\"form\" class=\"wpcf7\" id=\"wpcf7-f27-o1\" lang=\"tr-TR\" dir=\"ltr\">\n<div class=\"screen-reader-response\"><\/div>\n<form action=\"\/index.php\/wp-json\/wp\/v2\/pages\/39#wpcf7-f27-o1\" method=\"post\" class=\"wpcf7-form\" novalidate=\"novalidate\">\n<div style=\"display: none;\">\n<input type=\"hidden\" name=\"_wpcf7\" value=\"27\" \/>\n<input type=\"hidden\" name=\"_wpcf7_version\" value=\"5.0.1\" \/>\n<input type=\"hidden\" name=\"_wpcf7_locale\" value=\"tr_TR\" \/>\n<input type=\"hidden\" name=\"_wpcf7_unit_tag\" value=\"wpcf7-f27-o1\" \/>\n<input type=\"hidden\" name=\"_wpcf7_container_post\" value=\"0\" \/>\n<\/div>\n<div class=\"column one\"><label>Ad Soyad:<\/label><span class=\"wpcf7-form-control-wrap your-name\"><input type=\"text\" name=\"your-name\" value=\"\" size=\"40\" class=\"wpcf7-form-control wpcf7-text wpcf7-validates-as-required\" aria-required=\"true\" aria-invalid=\"false\" \/><\/span><\/div>\n<div class=\"column one-second\"><label>Telefon Numaras\u0131:<\/label><span class=\"wpcf7-form-control-wrap telefon\"><input type=\"tel\" name=\"telefon\" value=\"\" size=\"40\" class=\"wpcf7-form-control wpcf7-text wpcf7-tel wpcf7-validates-as-required wpcf7-validates-as-tel\" aria-required=\"true\" aria-invalid=\"false\" \/><\/span><\/div>\n<div class=\"column one-second\"><label>E-posta:<\/label><span class=\"wpcf7-form-control-wrap your-email\"><input type=\"email\" name=\"your-email\" value=\"\" size=\"40\" class=\"wpcf7-form-control wpcf7-text wpcf7-email wpcf7-validates-as-email\" aria-invalid=\"false\" \/><\/span><\/div>\n<div class=\"column one\"><label>Mesaj\u0131n\u0131z:<\/label><span class=\"wpcf7-form-control-wrap your-subject\"><input type=\"text\" name=\"your-subject\" value=\"\" size=\"40\" class=\"wpcf7-form-control wpcf7-text\" aria-invalid=\"false\" \/><\/span><\/div>\n<div class=\"column one\"><input type=\"submit\" value=\"G\u00d6NDER\" class=\"wpcf7-form-control wpcf7-submit\" \/><\/div>\n<div class=\"wpcf7-response-output wpcf7-display-none\"><\/div><\/form><\/div><\/div><\/div><\/div><\/div>\n","protected":false},"excerpt":{"rendered":"\/* Set a size for our map container, the Google Map will take up 100% of this container *\/ #map-1 { width: 100%; height: 450px; } \/\/ When the window has finished loading create our google map below google.maps.event.addDomListener(window, 'load', init); function init() { \/\/ Basic options for a simple Google Map \/\/ For more [...]","protected":false},"author":1,"featured_media":0,"parent":0,"menu_order":0,"comment_status":"closed","ping_status":"closed","template":"","meta":{"footnotes":""},"_links":{"self":[{"href":"http:\/\/www.mpguvenlik.com.tr\/index.php\/wp-json\/wp\/v2\/pages\/39"}],"collection":[{"href":"http:\/\/www.mpguvenlik.com.tr\/index.php\/wp-json\/wp\/v2\/pages"}],"about":[{"href":"http:\/\/www.mpguvenlik.com.tr\/index.php\/wp-json\/wp\/v2\/types\/page"}],"author":[{"embeddable":true,"href":"http:\/\/www.mpguvenlik.com.tr\/index.php\/wp-json\/wp\/v2\/users\/1"}],"replies":[{"embeddable":true,"href":"http:\/\/www.mpguvenlik.com.tr\/index.php\/wp-json\/wp\/v2\/comments?post=39"}],"version-history":[{"count":11,"href":"http:\/\/www.mpguvenlik.com.tr\/index.php\/wp-json\/wp\/v2\/pages\/39\/revisions"}],"predecessor-version":[{"id":398,"href":"http:\/\/www.mpguvenlik.com.tr\/index.php\/wp-json\/wp\/v2\/pages\/39\/revisions\/398"}],"wp:attachment":[{"href":"http:\/\/www.mpguvenlik.com.tr\/index.php\/wp-json\/wp\/v2\/media?parent=39"}],"curies":[{"name":"wp","href":"https:\/\/api.w.org\/{rel}","templated":true}]}}