{"id":31,"date":"2017-07-25T11:48:39","date_gmt":"2017-07-25T08:48:39","guid":{"rendered":"http:\/\/www.mpguvenlik.com.tr\/?page_id=31"},"modified":"2018-12-28T16:25:47","modified_gmt":"2018-12-28T13:25:47","slug":"ana-sayfa","status":"publish","type":"page","link":"http:\/\/www.mpguvenlik.com.tr\/","title":{"rendered":"Ana Sayfa"},"content":{"rendered":"<div data-vc-full-width=\"true\" data-vc-full-width-init=\"false\" data-vc-stretch-content=\"true\" class=\"vc_row wpb_row vc_row-fluid vc_custom_1500972790904 vc_row-no-padding\"><div class=\"wpb_column vc_column_container vc_col-sm-12\"><div class=\"vc_column-inner \"><div class=\"wpb_wrapper\"><div class=\"wpb_revslider_element wpb_content_element\">\n<div id=\"rev_slider_3_1_wrapper\" class=\"rev_slider_wrapper fullwidthbanner-container\" data-source=\"gallery\" style=\"margin:0px auto;background:#FFFFFF;padding:0px;margin-top:0px;margin-bottom:0px;\">\n<!-- START REVOLUTION SLIDER 5.4.2 auto mode -->\n\t<div id=\"rev_slider_3_1\" class=\"rev_slider fullwidthabanner\" style=\"display:none;\" data-version=\"5.4.2\">\n<ul>\t<!-- SLIDE  -->\n\t<li data-index=\"rs-14\" data-transition=\"slidehorizontal\" data-slotamount=\"7\" data-hideafterloop=\"0\" data-hideslideonmobile=\"off\"  data-easein=\"default\" data-easeout=\"default\" data-masterspeed=\"300\"  data-thumb=\"http:\/\/www.mpguvenlik.com.tr\/wp-content\/uploads\/2018\/09\/slider005-200x80.jpg\"  data-rotate=\"0\"  data-saveperformance=\"off\"  data-title=\"G\u00fcvenlik Kursu\" data-param1=\"\" data-param2=\"\" data-param3=\"\" data-param4=\"\" data-param5=\"\" data-param6=\"\" data-param7=\"\" data-param8=\"\" data-param9=\"\" data-param10=\"\" data-description=\"\">\n\t\t<!-- MAIN IMAGE -->\n\t\t<img loading=\"lazy\" decoding=\"async\" src=\"http:\/\/www.mpguvenlik.com.tr\/wp-content\/uploads\/2018\/09\/slider005.jpg\"  alt=\"\" title=\"slider005\"  width=\"1920\" height=\"818\" data-bgposition=\"center top\" data-bgfit=\"cover\" data-bgrepeat=\"no-repeat\" class=\"rev-slidebg\" data-no-retina>\n\t\t<!-- LAYERS -->\n\t<\/li>\n\t<!-- SLIDE  -->\n\t<li data-index=\"rs-8\" data-transition=\"slidehorizontal\" data-slotamount=\"7\" data-hideafterloop=\"0\" data-hideslideonmobile=\"off\"  data-easein=\"default\" data-easeout=\"default\" data-masterspeed=\"300\"  data-thumb=\"http:\/\/www.mpguvenlik.com.tr\/wp-content\/uploads\/2018\/09\/slide006-200x80.jpg\"  data-rotate=\"0\"  data-saveperformance=\"off\"  data-title=\"G\u00fcvenlik Kursu\" data-param1=\"\" data-param2=\"\" data-param3=\"\" data-param4=\"\" data-param5=\"\" data-param6=\"\" data-param7=\"\" data-param8=\"\" data-param9=\"\" data-param10=\"\" data-description=\"\">\n\t\t<!-- MAIN IMAGE -->\n\t\t<img loading=\"lazy\" decoding=\"async\" src=\"http:\/\/www.mpguvenlik.com.tr\/wp-content\/uploads\/2018\/09\/slide006.jpg\"  alt=\"\" title=\"slide006\"  width=\"1920\" height=\"867\" data-bgposition=\"center top\" data-bgfit=\"cover\" data-bgrepeat=\"no-repeat\" class=\"rev-slidebg\" data-no-retina>\n\t\t<!-- LAYERS -->\n\t<\/li>\n\t<!-- SLIDE  -->\n\t<li data-index=\"rs-15\" data-transition=\"slidehorizontal\" data-slotamount=\"7\" data-hideafterloop=\"0\" data-hideslideonmobile=\"off\"  data-easein=\"default\" data-easeout=\"default\" data-masterspeed=\"300\"  data-thumb=\"http:\/\/www.mpguvenlik.com.tr\/wp-content\/uploads\/2017\/08\/slide01-200x80.jpg\"  data-rotate=\"0\"  data-saveperformance=\"off\"  data-title=\"G\u00fcvenlik Kursu\" data-param1=\"\" data-param2=\"\" data-param3=\"\" data-param4=\"\" data-param5=\"\" data-param6=\"\" data-param7=\"\" data-param8=\"\" data-param9=\"\" data-param10=\"\" data-description=\"\">\n\t\t<!-- MAIN IMAGE -->\n\t\t<img loading=\"lazy\" decoding=\"async\" src=\"http:\/\/www.mpguvenlik.com.tr\/wp-content\/uploads\/2017\/08\/slide01.jpg\"  alt=\"\" title=\"slide01\"  width=\"1920\" height=\"1080\" data-bgposition=\"center top\" data-bgfit=\"cover\" data-bgrepeat=\"no-repeat\" class=\"rev-slidebg\" data-no-retina>\n\t\t<!-- LAYERS -->\n\t<\/li>\n\t<!-- SLIDE  -->\n\t<li data-index=\"rs-10\" data-transition=\"slidehorizontal\" data-slotamount=\"7\" data-hideafterloop=\"0\" data-hideslideonmobile=\"off\"  data-easein=\"default\" data-easeout=\"default\" data-masterspeed=\"300\"  data-thumb=\"http:\/\/www.mpguvenlik.com.tr\/wp-content\/uploads\/2017\/08\/slide03-200x80.jpg\"  data-rotate=\"0\"  data-saveperformance=\"off\"  data-title=\"G\u00fcvenlik Kursu\" data-param1=\"\" data-param2=\"\" data-param3=\"\" data-param4=\"\" data-param5=\"\" data-param6=\"\" data-param7=\"\" data-param8=\"\" data-param9=\"\" data-param10=\"\" data-description=\"\">\n\t\t<!-- MAIN IMAGE -->\n\t\t<img loading=\"lazy\" decoding=\"async\" src=\"http:\/\/www.mpguvenlik.com.tr\/wp-content\/uploads\/2017\/08\/slide03.jpg\"  alt=\"\" title=\"slide03\"  width=\"1920\" height=\"1080\" data-bgposition=\"center top\" data-bgfit=\"cover\" data-bgrepeat=\"no-repeat\" class=\"rev-slidebg\" data-no-retina>\n\t\t<!-- LAYERS -->\n\t<\/li>\n\t<!-- SLIDE  -->\n\t<li data-index=\"rs-11\" data-transition=\"slidehorizontal\" data-slotamount=\"7\" data-hideafterloop=\"0\" data-hideslideonmobile=\"off\"  data-easein=\"default\" data-easeout=\"default\" data-masterspeed=\"300\"  data-thumb=\"http:\/\/www.mpguvenlik.com.tr\/wp-content\/uploads\/2017\/08\/slide02-200x80.jpg\"  data-rotate=\"0\"  data-saveperformance=\"off\"  data-title=\"G\u00fcvenlik Kursu\" data-param1=\"\" data-param2=\"\" data-param3=\"\" data-param4=\"\" data-param5=\"\" data-param6=\"\" data-param7=\"\" data-param8=\"\" data-param9=\"\" data-param10=\"\" data-description=\"\">\n\t\t<!-- MAIN IMAGE -->\n\t\t<img loading=\"lazy\" decoding=\"async\" src=\"http:\/\/www.mpguvenlik.com.tr\/wp-content\/uploads\/2017\/08\/slide02.jpg\"  alt=\"\" title=\"slide02\"  width=\"1920\" height=\"1080\" data-bgposition=\"center top\" data-bgfit=\"cover\" data-bgrepeat=\"no-repeat\" class=\"rev-slidebg\" data-no-retina>\n\t\t<!-- LAYERS -->\n\t<\/li>\n<\/ul>\n<script>var htmlDiv = document.getElementById(\"rs-plugin-settings-inline-css\"); var htmlDivCss=\"\";\n\t\t\t\t\t\tif(htmlDiv) {\n\t\t\t\t\t\t\thtmlDiv.innerHTML = htmlDiv.innerHTML + htmlDivCss;\n\t\t\t\t\t\t}else{\n\t\t\t\t\t\t\tvar htmlDiv = document.createElement(\"div\");\n\t\t\t\t\t\t\thtmlDiv.innerHTML = \"<style>\" + htmlDivCss + \"<\/style>\";\n\t\t\t\t\t\t\tdocument.getElementsByTagName(\"head\")[0].appendChild(htmlDiv.childNodes[0]);\n\t\t\t\t\t\t}\n\t\t\t\t\t<\/script>\n<div class=\"tp-bannertimer tp-bottom\" style=\"visibility: hidden !important;\"><\/div>\t<\/div>\n<script>var htmlDiv = document.getElementById(\"rs-plugin-settings-inline-css\"); var htmlDivCss=\"\";\n\t\t\t\tif(htmlDiv) {\n\t\t\t\t\thtmlDiv.innerHTML = htmlDiv.innerHTML + htmlDivCss;\n\t\t\t\t}else{\n\t\t\t\t\tvar htmlDiv = document.createElement(\"div\");\n\t\t\t\t\thtmlDiv.innerHTML = \"<style>\" + htmlDivCss + \"<\/style>\";\n\t\t\t\t\tdocument.getElementsByTagName(\"head\")[0].appendChild(htmlDiv.childNodes[0]);\n\t\t\t\t}\n\t\t\t<\/script>\n\t\t<script type=\"text\/javascript\">\n\t\t\t\t\t\t\/******************************************\n\t\t\t\t-\tPREPARE PLACEHOLDER FOR SLIDER\t-\n\t\t\t******************************************\/\n\n\t\t\tvar setREVStartSize=function(){\n\t\t\t\ttry{var e=new Object,i=jQuery(window).width(),t=9999,r=0,n=0,l=0,f=0,s=0,h=0;\n\t\t\t\t\te.c = jQuery('#rev_slider_3_1');\n\t\t\t\t\te.gridwidth = [1180];\n\t\t\t\t\te.gridheight = [700];\n\t\t\t\t\t\t\t\n\t\t\t\t\te.sliderLayout = \"auto\";\n\t\t\t\t\tif(e.responsiveLevels&&(jQuery.each(e.responsiveLevels,function(e,f){f>i&&(t=r=f,l=e),i>f&&f>r&&(r=f,n=e)}),t>r&&(l=n)),f=e.gridheight[l]||e.gridheight[0]||e.gridheight,s=e.gridwidth[l]||e.gridwidth[0]||e.gridwidth,h=i\/s,h=h>1?1:h,f=Math.round(h*f),\"fullscreen\"==e.sliderLayout){var u=(e.c.width(),jQuery(window).height());if(void 0!=e.fullScreenOffsetContainer){var c=e.fullScreenOffsetContainer.split(\",\");if (c) jQuery.each(c,function(e,i){u=jQuery(i).length>0?u-jQuery(i).outerHeight(!0):u}),e.fullScreenOffset.split(\"%\").length>1&&void 0!=e.fullScreenOffset&&e.fullScreenOffset.length>0?u-=jQuery(window).height()*parseInt(e.fullScreenOffset,0)\/100:void 0!=e.fullScreenOffset&&e.fullScreenOffset.length>0&&(u-=parseInt(e.fullScreenOffset,0))}f=u}else void 0!=e.minHeight&&f<e.minHeight&&(f=e.minHeight);e.c.closest(\".rev_slider_wrapper\").css({height:f})\n\t\t\t\t\t\n\t\t\t\t}catch(d){console.log(\"Failure at Presize of Slider:\"+d)}\n\t\t\t};\n\t\t\t\n\t\t\tsetREVStartSize();\n\t\t\t\n\t\t\t\t\t\tvar tpj=jQuery;\n\t\t\ttpj.noConflict();\n\t\t\tvar revapi3;\n\t\t\ttpj(document).ready(function() {\n\t\t\t\tif(tpj(\"#rev_slider_3_1\").revolution == undefined){\n\t\t\t\t\trevslider_showDoubleJqueryError(\"#rev_slider_3_1\");\n\t\t\t\t}else{\n\t\t\t\t\trevapi3 = tpj(\"#rev_slider_3_1\").show().revolution({\n\t\t\t\t\t\tsliderType:\"standard\",\njsFileLocation:\"\/\/www.mpguvenlik.com.tr\/wp-content\/plugins\/revslider\/public\/assets\/js\/\",\n\t\t\t\t\t\tsliderLayout:\"auto\",\n\t\t\t\t\t\tdottedOverlay:\"none\",\n\t\t\t\t\t\tdelay:3000,\n\t\t\t\t\t\tnavigation: {\n\t\t\t\t\t\t\tkeyboardNavigation:\"off\",\n\t\t\t\t\t\t\tkeyboard_direction: \"horizontal\",\n\t\t\t\t\t\t\tmouseScrollNavigation:\"off\",\n \t\t\t\t\t\t\tmouseScrollReverse:\"default\",\n\t\t\t\t\t\t\tonHoverStop:\"on\",\n\t\t\t\t\t\t\ttouch:{\n\t\t\t\t\t\t\t\ttouchenabled:\"on\",\n\t\t\t\t\t\t\t\ttouchOnDesktop:\"off\",\n\t\t\t\t\t\t\t\tswipe_threshold: 0.7,\n\t\t\t\t\t\t\t\tswipe_min_touches: 1,\n\t\t\t\t\t\t\t\tswipe_direction: \"horizontal\",\n\t\t\t\t\t\t\t\tdrag_block_vertical: false\n\t\t\t\t\t\t\t}\n\t\t\t\t\t\t\t,\n\t\t\t\t\t\t\tarrows: {\n\t\t\t\t\t\t\t\tstyle:\"uranus\",\n\t\t\t\t\t\t\t\tenable:true,\n\t\t\t\t\t\t\t\thide_onmobile:false,\n\t\t\t\t\t\t\t\thide_onleave:false,\n\t\t\t\t\t\t\t\ttmp:'',\n\t\t\t\t\t\t\t\tleft: {\n\t\t\t\t\t\t\t\t\th_align:\"right\",\n\t\t\t\t\t\t\t\t\tv_align:\"bottom\",\n\t\t\t\t\t\t\t\t\th_offset:90,\n\t\t\t\t\t\t\t\t\tv_offset:40\n\t\t\t\t\t\t\t\t},\n\t\t\t\t\t\t\t\tright: {\n\t\t\t\t\t\t\t\t\th_align:\"right\",\n\t\t\t\t\t\t\t\t\tv_align:\"bottom\",\n\t\t\t\t\t\t\t\t\th_offset:40,\n\t\t\t\t\t\t\t\t\tv_offset:40\n\t\t\t\t\t\t\t\t}\n\t\t\t\t\t\t\t}\n\t\t\t\t\t\t},\n\t\t\t\t\t\tvisibilityLevels:[1240,1024,778,480],\n\t\t\t\t\t\tgridwidth:1180,\n\t\t\t\t\t\tgridheight:700,\n\t\t\t\t\t\tlazyType:\"none\",\n\t\t\t\t\t\tshadow:0,\n\t\t\t\t\t\tspinner:\"spinner2\",\n\t\t\t\t\t\tstopLoop:\"off\",\n\t\t\t\t\t\tstopAfterLoops:-1,\n\t\t\t\t\t\tstopAtSlide:-1,\n\t\t\t\t\t\tshuffle:\"off\",\n\t\t\t\t\t\tautoHeight:\"off\",\n\t\t\t\t\t\tdisableProgressBar:\"on\",\n\t\t\t\t\t\thideThumbsOnMobile:\"on\",\n\t\t\t\t\t\thideSliderAtLimit:0,\n\t\t\t\t\t\thideCaptionAtLimit:0,\n\t\t\t\t\t\thideAllCaptionAtLilmit:0,\n\t\t\t\t\t\tdebugMode:false,\n\t\t\t\t\t\tfallbacks: {\n\t\t\t\t\t\t\tsimplifyAll:\"off\",\n\t\t\t\t\t\t\tnextSlideOnWindowFocus:\"off\",\n\t\t\t\t\t\t\tdisableFocusListener:false,\n\t\t\t\t\t\t}\n\t\t\t\t\t});\n\t\t\t\t}\n\t\t\t});\t\/*ready*\/\n\t\t<\/script>\n\t\t<script>\n\t\t\t\t\tvar htmlDivCss = ' #rev_slider_3_1_wrapper .tp-loader.spinner2{ background-color: #FFFFFF !important; } ';\n\t\t\t\t\tvar htmlDiv = document.getElementById('rs-plugin-settings-inline-css');\n\t\t\t\t\tif(htmlDiv) {\n\t\t\t\t\t\thtmlDiv.innerHTML = htmlDiv.innerHTML + htmlDivCss;\n\t\t\t\t\t}\n\t\t\t\t\telse{\n\t\t\t\t\t\tvar htmlDiv = document.createElement('div');\n\t\t\t\t\t\thtmlDiv.innerHTML = '<style>' + htmlDivCss + '<\/style>';\n\t\t\t\t\t\tdocument.getElementsByTagName('head')[0].appendChild(htmlDiv.childNodes[0]);\n\t\t\t\t\t}\n\t\t\t\t\t<\/script>\n\t\t\t\t\t<script>\n\t\t\t\t\tvar htmlDivCss = unescape(\"%23rev_slider_3_1%20.uranus.tparrows%20%7B%0A%20%20width%3A50px%3B%0A%20%20height%3A50px%3B%0A%20%20background%3Argba%28255%2C255%2C255%2C0%29%3B%0A%20%7D%0A%20%23rev_slider_3_1%20.uranus.tparrows%3Abefore%20%7B%0A%20width%3A50px%3B%0A%20height%3A50px%3B%0A%20line-height%3A50px%3B%0A%20font-size%3A40px%3B%0A%20transition%3Aall%200.3s%3B%0A-webkit-transition%3Aall%200.3s%3B%0A%20%7D%0A%20%0A%20%20%23rev_slider_3_1%20.uranus.tparrows%3Ahover%3Abefore%20%7B%0A%20%20%20%20opacity%3A0.75%3B%0A%20%20%7D%0A\");\n\t\t\t\t\tvar htmlDiv = document.getElementById('rs-plugin-settings-inline-css');\n\t\t\t\t\tif(htmlDiv) {\n\t\t\t\t\t\thtmlDiv.innerHTML = htmlDiv.innerHTML + htmlDivCss;\n\t\t\t\t\t}\n\t\t\t\t\telse{\n\t\t\t\t\t\tvar htmlDiv = document.createElement('div');\n\t\t\t\t\t\thtmlDiv.innerHTML = '<style>' + htmlDivCss + '<\/style>';\n\t\t\t\t\t\tdocument.getElementsByTagName('head')[0].appendChild(htmlDiv.childNodes[0]);\n\t\t\t\t\t}\n\t\t\t\t  <\/script>\n\t\t\t\t<\/div><!-- END REVOLUTION SLIDER --><\/div><\/div><\/div><\/div><\/div><div class=\"vc_row-full-width vc_clearfix\"><\/div><div data-vc-full-width=\"true\" data-vc-full-width-init=\"false\" data-vc-stretch-content=\"true\" class=\"vc_row wpb_row vc_row-fluid vc_custom_1501585120066 vc_row-has-fill vc_row-no-padding\"><div class=\"wpb_column vc_column_container vc_col-sm-12\"><div class=\"vc_column-inner \"><div class=\"wpb_wrapper\"><div class=\"vc_row wpb_row vc_inner vc_row-fluid\"><div class=\"wpb_column vc_column_container vc_col-sm-3\"><div class=\"vc_column-inner \"><div class=\"wpb_wrapper\"><\/div><\/div><\/div><div class=\"wpb_column vc_column_container vc_col-sm-6\"><div class=\"vc_column-inner vc_custom_1501585643784\"><div class=\"wpb_wrapper\"><h2 style=\"font-size: 25px;color: #ffffff;text-align: center;font-family:Exo;font-weight:700;font-style:normal\" class=\"vc_custom_heading\">Tecr\u00fcbe - Kalite - Ba\u015far\u0131 - G\u00fcven<br \/>\nG\u00fcvenlik 'siz' Olmay\u0131n<\/h2><\/div><\/div><\/div><div class=\"wpb_column vc_column_container vc_col-sm-3\"><div class=\"vc_column-inner vc_custom_1501585631057\"><div class=\"wpb_wrapper\"><\/div><\/div><\/div><\/div><\/div><\/div><\/div><\/div><div class=\"vc_row-full-width vc_clearfix\"><\/div><div class=\"vc_row wpb_row vc_row-fluid\"><div class=\"wpb_column vc_column_container vc_col-sm-4\"><div class=\"vc_column-inner \"><div class=\"wpb_wrapper\"><div id=\"ts-vcsc-box-icon-4278692\" class=\"ts-vcsc-box-icon   boxed-style ts-box-icon  \"  style=\"margin-bottom:10px; margin-top:0px;\"><div class=\"ts-css-shadow  \" style=\"background-color: #ffffff; margin-left: 20px; \"><div class=\"ts-icon-box-boxed  left \" style=\"   margin-left: 0px; padding: 0 0 0 50px; background-color: #ffffff;\"><i style=\"padding: 5px 5px; background-color:; width: 40px; height: 40px; font-size: 40px; line-height: 40px;  left:-31px; margin-top:-26px; color: #f44336;\" class=\"ts-box-icon-title-icon fa fa-users ts-main-ico ts-font-icon   \"><\/i><div class=\"ts-icon-box-inner \" style=\"\"><a class=\"ts-box-icon-link\" style=\"text-decoration: none;\" href=\"http:\/\/www.mpguvenlik.com.tr\/index.php\/hizmetlerimiz\/fiziki-guvenlik\/\" target=\"_parent\"><div class=\"ts-box-icon-title\" style=\"color:#f44336; font-size:20px; font-weight:inherit; margin-top:0px; margin-bottom: 10px; text-align:left; \">Fiziki G\u00fcvenlik<\/div><\/a><div class=\"ts-icon-box-content\" style=\"margin-top: 10px; font-size: 14px; line-height: 14px; \">TES\u0130S VE KURUM G\u00dcVENL\u0130\u011e\u0130 Tesislerin \u0130\u00e7 g\u00fcvenli\u011fi Tesislerin \u00c7evre G\u00fcvenli\u011fi<\/div><\/div><\/div><div class=\"clearboth\"><\/div><\/div><\/div><div id=\"ts-vcsc-box-icon-2200302\" class=\"ts-vcsc-box-icon   boxed-style ts-box-icon  \"  style=\"margin-bottom:10px; margin-top:30px;\"><div class=\"ts-css-shadow  \" style=\"background-color: #ffffff; margin-left: 20px; \"><div class=\"ts-icon-box-boxed  left \" style=\"   margin-left: 0px; padding: 0 0 0 50px; background-color: #ffffff;\"><i style=\"padding: 5px 5px; background-color:; width: 40px; height: 40px; font-size: 40px; line-height: 40px;  left:-31px; margin-top:-26px; color: #f44336;\" class=\"ts-box-icon-title-icon fa fa-male ts-main-ico ts-font-icon   \"><\/i><div class=\"ts-icon-box-inner \" style=\"\"><a class=\"ts-box-icon-link\" style=\"text-decoration: none;\" href=\"http:\/\/www.mpguvenlik.com.tr\/index.php\/hizmetlerimiz\/vip-koruma\/\" target=\"_parent\"><div class=\"ts-box-icon-title\" style=\"color:#f44336; font-size:20px; font-weight:inherit; margin-top:0px; margin-bottom: 10px; text-align:left; \">VIP Koruma<\/div><\/a><div class=\"ts-icon-box-content\" style=\"margin-top: 10px; font-size: 14px; line-height: 14px; \">MP G\u00dcVENL\u0130K taraf\u0131ndan yetkilendirilen profesyonel yak\u0131n koruma personeli&#8230;<\/div><\/div><\/div><div class=\"clearboth\"><\/div><\/div><\/div><div id=\"ts-vcsc-box-icon-8466427\" class=\"ts-vcsc-box-icon   boxed-style ts-box-icon  \"  style=\"margin-bottom:10px; margin-top:30px;\"><div class=\"ts-css-shadow  \" style=\"background-color: #ffffff; margin-left: 20px; \"><div class=\"ts-icon-box-boxed  left \" style=\"   margin-left: 0px; padding: 0 0 0 50px; background-color: #ffffff;\"><i style=\"padding: 5px 5px; background-color:; width: 40px; height: 40px; font-size: 40px; line-height: 40px;  left:-31px; margin-top:-26px; color: #f44336;\" class=\"ts-box-icon-title-icon fa fa-thumbs-up ts-main-ico ts-font-icon   \"><\/i><div class=\"ts-icon-box-inner \" style=\"\"><a class=\"ts-box-icon-link\" style=\"text-decoration: none;\" href=\"http:\/\/www.mpguvenlik.com.tr\/index.php\/hizmetlerimiz\/aktivite-guvenligi\/\" target=\"_parent\"><div class=\"ts-box-icon-title\" style=\"color:#f44336; font-size:20px; font-weight:inherit; margin-top:0px; margin-bottom: 10px; text-align:left; \">Aktivite G\u00fcvenli\u011fi<\/div><\/a><div class=\"ts-icon-box-content\" style=\"margin-top: 10px; font-size: 14px; line-height: 14px; \">MP G\u00dcVENL\u0130K; T\u00fcrkiye\u2019nin her yerinde her t\u00fcrl\u00fc Fuar, toplant\u0131, konferans, sergi&#8230;<\/div><\/div><\/div><div class=\"clearboth\"><\/div><\/div><\/div><\/div><\/div><\/div><div class=\"wpb_column vc_column_container vc_col-sm-4\"><div class=\"vc_column-inner \"><div class=\"wpb_wrapper\">\n\t<div class=\"wpb_single_image wpb_content_element vc_align_center\">\n\t\t\n\t\t<figure class=\"wpb_wrapper vc_figure\">\n\t\t\t<div class=\"vc_single_image-wrapper   vc_box_border_grey\"><img loading=\"lazy\" decoding=\"async\" width=\"222\" height=\"500\" src=\"http:\/\/www.mpguvenlik.com.tr\/wp-content\/uploads\/2017\/07\/guvenlik.elemani2.png\" class=\"vc_single_image-img attachment-full\" alt=\"\" srcset=\"http:\/\/www.mpguvenlik.com.tr\/wp-content\/uploads\/2017\/07\/guvenlik.elemani2-133x300.png 133w, http:\/\/www.mpguvenlik.com.tr\/wp-content\/uploads\/2017\/07\/guvenlik.elemani2-200x450.png 200w, http:\/\/www.mpguvenlik.com.tr\/wp-content\/uploads\/2017\/07\/guvenlik.elemani2.png 222w\" sizes=\"(max-width: 222px) 100vw, 222px\" \/><\/div>\n\t\t<\/figure>\n\t<\/div>\n<\/div><\/div><\/div><div class=\"wpb_column vc_column_container vc_col-sm-4\"><div class=\"vc_column-inner \"><div class=\"wpb_wrapper\"><div id=\"ts-vcsc-box-icon-5390993\" class=\"ts-vcsc-box-icon   boxed-style ts-box-icon  \"  style=\"margin-bottom:10px; margin-top:0px;\"><div class=\"ts-css-shadow  \" style=\"background-color: #ffffff; margin-left: 20px; \"><div class=\"ts-icon-box-boxed  left \" style=\"   margin-left: 0px; padding: 0 0 0 50px; background-color: #ffffff;\"><i style=\"padding: 0px 0px; background-color:; width: 40px; height: 40px; font-size: 40px; line-height: 40px;  left:-26px; margin-top:-21px; color: #f44336;\" class=\"ts-box-icon-title-icon fa fa-lock ts-main-ico ts-font-icon   \"><\/i><div class=\"ts-icon-box-inner \" style=\"\"><a class=\"ts-box-icon-link\" style=\"text-decoration: none;\" href=\"http:\/\/www.mpguvenlik.com.tr\/index.php\/hizmetlerimiz\/danisma-ve-guvenlik-yonetimi\/\" target=\"_parent\"><div class=\"ts-box-icon-title\" style=\"color:#f44336; font-size:20px; font-weight:inherit; margin-top:0px; margin-bottom: 10px; text-align:left; \">Dan\u0131\u015fma &amp; G\u00fcvenlik Y\u00f6netimi<\/div><\/a><div class=\"ts-icon-box-content\" style=\"margin-top: 10px; font-size: 14px; line-height: 14px; \">MP G\u00dcVENL\u0130K olarak; 5188 say\u0131l\u0131 kanun ve bu kanunun uygulamas\u0131na<\/div><\/div><\/div><div class=\"clearboth\"><\/div><\/div><\/div><div id=\"ts-vcsc-box-icon-2377758\" class=\"ts-vcsc-box-icon   boxed-style ts-box-icon  \"  style=\"margin-bottom:10px; margin-top:30px;\"><div class=\"ts-css-shadow  \" style=\"background-color: #ffffff; margin-left: 20px; \"><div class=\"ts-icon-box-boxed  left \" style=\"   margin-left: 0px; padding: 0 0 0 50px; background-color: #ffffff;\"><i style=\"padding: 0px 0px; background-color:; width: 40px; height: 40px; font-size: 40px; line-height: 40px;  left:-26px; margin-top:-21px; color: #f44336;\" class=\"ts-box-icon-title-icon fa fa-money ts-main-ico ts-font-icon   \"><\/i><div class=\"ts-icon-box-inner \" style=\"\"><a class=\"ts-box-icon-link\" style=\"text-decoration: none;\" href=\"http:\/\/www.mpguvenlik.com.tr\/index.php\/hizmetlerimiz\/para-ve-kiymetli-esya-nakli\/\" target=\"_parent\"><div class=\"ts-box-icon-title\" style=\"color:#f44336; font-size:20px; font-weight:inherit; margin-top:0px; margin-bottom: 10px; text-align:left; \"> Para ve K\u0131ymetli E\u015fya Nakli<\/div><\/a><div class=\"ts-icon-box-content\" style=\"margin-top: 10px; font-size: 14px; line-height: 14px; \">MP G\u00dcVENL\u0130K<strong>\u00a0;<\/strong>\u00a0Emanetiniz olan k\u0131ymetli e\u015fya ve para naklini&#8230;<\/div><\/div><\/div><div class=\"clearboth\"><\/div><\/div><\/div><div id=\"ts-vcsc-box-icon-4740107\" class=\"ts-vcsc-box-icon   boxed-style ts-box-icon  \"  style=\"margin-bottom:10px; margin-top:30px;\"><div class=\"ts-css-shadow  \" style=\"background-color: #ffffff; margin-left: 20px; \"><div class=\"ts-icon-box-boxed  left \" style=\"   margin-left: 0px; padding: 0 0 0 50px; background-color: #ffffff;\"><i style=\"padding: 0px 0px; background-color:; width: 40px; height: 40px; font-size: 40px; line-height: 40px;  left:-26px; top: 0px; bottom: auto; color: #f44336;\" class=\"ts-box-icon-title-icon fa fa-map-marker ts-main-ico ts-font-icon   \"><\/i><div class=\"ts-icon-box-inner \" style=\"\"><a class=\"ts-box-icon-link\" style=\"text-decoration: none;\" href=\"http:\/\/www.mpguvenlik.com.tr\/index.php\/hizmetlerimiz\/yurt-disi-organizasyon-guvenligi\/\" target=\"_parent\"><div class=\"ts-box-icon-title\" style=\"color:#f44336; font-size:20px; font-weight:inherit; margin-top:0px; margin-bottom: 10px; text-align:left; \">Yurt D\u0131\u015f\u0131 Organizasyonlara G\u00fcvenlik<\/div><\/a><div class=\"ts-icon-box-content\" style=\"margin-top: 10px; font-size: 14px; line-height: 14px; \">MP G\u00dcVENL\u0130K olarak bilgi ve deneyim, yerel otoriteler ve ayn\u0131 sekt\u00f6rel firmalarla&#8230;<\/div><\/div><\/div><div class=\"clearboth\"><\/div><\/div><\/div><\/div><\/div><\/div><\/div>\n","protected":false},"excerpt":{"rendered":"var htmlDiv = document.getElementById(\"rs-plugin-settings-inline-css\"); var htmlDivCss=\"\"; if(htmlDiv) { htmlDiv.innerHTML = htmlDiv.innerHTML + htmlDivCss; }else{ var htmlDiv = document.createElement(\"div\"); htmlDiv.innerHTML = \"\" + htmlDivCss + \"\"; document.getElementsByTagName(\"head\")[0].appendChild(htmlDiv.childNodes[0]); } var htmlDiv = document.getElementById(\"rs-plugin-settings-inline-css\"); var htmlDivCss=\"\"; if(htmlDiv) { htmlDiv.innerHTML = htmlDiv.innerHTML + htmlDivCss; }else{ var htmlDiv = document.createElement(\"div\"); htmlDiv.innerHTML = \"\" + htmlDivCss + \"\"; document.getElementsByTagName(\"head\")[0].appendChild(htmlDiv.childNodes[0]); } \/****************************************** [...]","protected":false},"author":1,"featured_media":0,"parent":0,"menu_order":0,"comment_status":"closed","ping_status":"closed","template":"","meta":{"footnotes":""},"_links":{"self":[{"href":"http:\/\/www.mpguvenlik.com.tr\/index.php\/wp-json\/wp\/v2\/pages\/31"}],"collection":[{"href":"http:\/\/www.mpguvenlik.com.tr\/index.php\/wp-json\/wp\/v2\/pages"}],"about":[{"href":"http:\/\/www.mpguvenlik.com.tr\/index.php\/wp-json\/wp\/v2\/types\/page"}],"author":[{"embeddable":true,"href":"http:\/\/www.mpguvenlik.com.tr\/index.php\/wp-json\/wp\/v2\/users\/1"}],"replies":[{"embeddable":true,"href":"http:\/\/www.mpguvenlik.com.tr\/index.php\/wp-json\/wp\/v2\/comments?post=31"}],"version-history":[{"count":74,"href":"http:\/\/www.mpguvenlik.com.tr\/index.php\/wp-json\/wp\/v2\/pages\/31\/revisions"}],"predecessor-version":[{"id":598,"href":"http:\/\/www.mpguvenlik.com.tr\/index.php\/wp-json\/wp\/v2\/pages\/31\/revisions\/598"}],"wp:attachment":[{"href":"http:\/\/www.mpguvenlik.com.tr\/index.php\/wp-json\/wp\/v2\/media?parent=31"}],"curies":[{"name":"wp","href":"https:\/\/api.w.org\/{rel}","templated":true}]}}