{"id":211,"date":"2017-07-27T12:13:23","date_gmt":"2017-07-27T09:13:23","guid":{"rendered":"http:\/\/www.mpguvenlik.com.tr\/?page_id=211"},"modified":"2017-10-12T11:11:48","modified_gmt":"2017-10-12T08:11:48","slug":"vip-koruma","status":"publish","type":"page","link":"http:\/\/www.mpguvenlik.com.tr\/index.php\/hizmetlerimiz\/vip-koruma\/","title":{"rendered":"VIP Koruma"},"content":{"rendered":"<div data-vc-full-width=\"true\" data-vc-full-width-init=\"false\" class=\"vc_row wpb_row vc_row-fluid vc_custom_1460363485077\"><div class=\"wpb_column vc_column_container vc_col-sm-12\"><div class=\"vc_column-inner \"><div class=\"wpb_wrapper\"><div class=\"vc_row wpb_row vc_inner vc_row-fluid\"><div class=\"wpb_column vc_column_container vc_col-sm-4\"><div class=\"vc_column-inner \"><div class=\"wpb_wrapper\">\n\t<div class=\"wpb_single_image wpb_content_element vc_align_left  wpb_animate_when_almost_visible wpb_left-to-right left-to-right\">\n\t\t\n\t\t<figure class=\"wpb_wrapper vc_figure\">\n\t\t\t<div class=\"vc_single_image-wrapper vc_box_shadow_border  vc_box_border_grey\"><img loading=\"lazy\" decoding=\"async\" class=\"vc_single_image-img \" src=\"http:\/\/www.mpguvenlik.com.tr\/wp-content\/uploads\/2017\/07\/galeri76-400x352.jpg\" width=\"400\" height=\"352\" alt=\"galeri76-400x352\" title=\"galeri76-400x352\" \/><\/div>\n\t\t<\/figure>\n\t<\/div>\n<\/div><\/div><\/div><div class=\"wpb_column vc_column_container vc_col-sm-4\"><div class=\"vc_column-inner \"><div class=\"wpb_wrapper\">\n\t<div class=\"wpb_text_column wpb_content_element  wpb_animate_when_almost_visible wpb_top-to-bottom top-to-bottom\">\n\t\t<div class=\"wpb_wrapper\">\n\t\t\t<p><span style=\"color: #000000;\"><strong>MP G\u00dcVENL\u0130K<\/strong> taraf\u0131ndan yetkilendirilen profesyonel yak\u0131n koruma personeli , ola\u011fan d\u0131\u015f\u0131 \u015fartlar alt\u0131nda risk analizi yapabilme, mevcut problemi tan\u0131mlama ,acil durum g\u00fcvenli\u011fi planlama, muhtemel olabilecek g\u00fcvenlik sorunlar\u0131n\u0131 \u00f6nleme ve kontrol etmede uzman, VIP durumundaki \u015fah\u0131s i\u00e7in g\u00fcvenli ortam sa\u011flama kabiliyetine sahip, e\u011fitim sertifikas\u0131 bulunan, ekip ruhunu benimsemi\u015f , sa\u011flam karakterli, korudu\u011fu ki\u015finin hassasiyetlerini iyi bilen ki\u015filerden g\u00f6revlendirilir.<\/span><\/p>\n\n\t\t<\/div>\n\t<\/div>\n<\/div><\/div><\/div><div class=\"wpb_column vc_column_container vc_col-sm-4\"><div class=\"vc_column-inner \"><div class=\"wpb_wrapper\">\n\t<div class=\"wpb_single_image wpb_content_element vc_align_left  wpb_animate_when_almost_visible wpb_right-to-left right-to-left\">\n\t\t\n\t\t<figure class=\"wpb_wrapper vc_figure\">\n\t\t\t<div class=\"vc_single_image-wrapper vc_box_shadow_border  vc_box_border_grey\"><img loading=\"lazy\" decoding=\"async\" class=\"vc_single_image-img \" src=\"http:\/\/www.mpguvenlik.com.tr\/wp-content\/uploads\/2017\/07\/galeri75-400x352.jpg\" width=\"400\" height=\"352\" alt=\"galeri75-400x352\" title=\"galeri75-400x352\" \/><\/div>\n\t\t<\/figure>\n\t<\/div>\n<\/div><\/div><\/div><\/div><div class=\"vc_empty_space\"  style=\"height: 30px\" ><span class=\"vc_empty_space_inner\"><\/span><\/div>\n<\/div><\/div><\/div><\/div><div class=\"vc_row-full-width vc_clearfix\"><\/div><div class=\"vc_row wpb_row vc_row-fluid\"><div class=\"wpb_column vc_column_container vc_col-sm-6\"><div class=\"vc_column-inner \"><div class=\"wpb_wrapper\">\n\t<div class=\"wpb_text_column wpb_content_element  wpb_animate_when_almost_visible wpb_top-to-bottom top-to-bottom\">\n\t\t<div class=\"wpb_wrapper\">\n\t\t\t<p>Yak\u0131n koruma elemanlar\u0131m\u0131z\u0131n g\u00f6rev standard\u0131na ula\u015fmas\u0131 i\u00e7in a\u015fa\u011f\u0131da planlanm\u0131\u015f e\u011fitime tabi tutulur.<\/p>\n<ul>\n<li>\u0130leti\u015fim teknikleri<\/li>\n<li>Silahl\u0131 veya silahs\u0131z yak\u0131n koruma teknikleri<\/li>\n<li>Her t\u00fcrl\u00fc \u015fartlarda olas\u0131 hareketli hedeflere kar\u015f\u0131 haz\u0131r olma<\/li>\n<li>VIP at\u0131\u015f teknikleri<\/li>\n<li>Defansif silah kullan\u0131m\u0131<\/li>\n<li>VIP koruma taktikleri<\/li>\n<li>VIP s\u00fcr\u00fc\u015f teknikleri<\/li>\n<\/ul>\n\n\t\t<\/div>\n\t<\/div>\n<\/div><\/div><\/div><div class=\"wpb_column vc_column_container vc_col-sm-6\"><div class=\"vc_column-inner \"><div class=\"wpb_wrapper\">\n\t<div class=\"wpb_text_column wpb_content_element  wpb_animate_when_almost_visible wpb_top-to-bottom top-to-bottom\">\n\t\t<div class=\"wpb_wrapper\">\n\t\t\t<p>Yak\u0131n koruma elemanlar\u0131m\u0131z\u0131n ki\u015fisel standard\u0131n y\u00fckselmesi i\u00e7in meslek i\u00e7i e\u011fitim konular\u0131 planlan\u0131r ve periyodik e\u011fitime tabi tutulur.<\/p>\n<ul>\n<li>Koruma hukuku<\/li>\n<li>Profesyonel davran\u0131\u015f ve nitelik kazanma<\/li>\n<li>Y\u00f6netim ili\u015fkileri<\/li>\n<li>Protokol e\u011fitimi<\/li>\n<li>\u0130leti\u015fim teknik ve uygulamalar\u0131<\/li>\n<li>Planlama becerisini kazand\u0131rma<\/li>\n<li>Ekip ruhu<\/li>\n<\/ul>\n\n\t\t<\/div>\n\t<\/div>\n<\/div><\/div><\/div><\/div>\n","protected":false},"excerpt":{"rendered":"MP G\u00dcVENL\u0130K taraf\u0131ndan yetkilendirilen profesyonel yak\u0131n koruma personeli , ola\u011fan d\u0131\u015f\u0131 \u015fartlar alt\u0131nda risk analizi yapabilme, mevcut problemi tan\u0131mlama ,acil durum g\u00fcvenli\u011fi planlama, muhtemel olabilecek g\u00fcvenlik sorunlar\u0131n\u0131 \u00f6nleme ve kontrol etmede uzman, VIP durumundaki \u015fah\u0131s i\u00e7in g\u00fcvenli ortam sa\u011flama kabiliyetine sahip, e\u011fitim sertifikas\u0131 bulunan, ekip ruhunu benimsemi\u015f , sa\u011flam karakterli, korudu\u011fu ki\u015finin hassasiyetlerini iyi bilen [...]","protected":false},"author":1,"featured_media":0,"parent":152,"menu_order":0,"comment_status":"closed","ping_status":"closed","template":"","meta":{"footnotes":""},"_links":{"self":[{"href":"http:\/\/www.mpguvenlik.com.tr\/index.php\/wp-json\/wp\/v2\/pages\/211"}],"collection":[{"href":"http:\/\/www.mpguvenlik.com.tr\/index.php\/wp-json\/wp\/v2\/pages"}],"about":[{"href":"http:\/\/www.mpguvenlik.com.tr\/index.php\/wp-json\/wp\/v2\/types\/page"}],"author":[{"embeddable":true,"href":"http:\/\/www.mpguvenlik.com.tr\/index.php\/wp-json\/wp\/v2\/users\/1"}],"replies":[{"embeddable":true,"href":"http:\/\/www.mpguvenlik.com.tr\/index.php\/wp-json\/wp\/v2\/comments?post=211"}],"version-history":[{"count":5,"href":"http:\/\/www.mpguvenlik.com.tr\/index.php\/wp-json\/wp\/v2\/pages\/211\/revisions"}],"predecessor-version":[{"id":460,"href":"http:\/\/www.mpguvenlik.com.tr\/index.php\/wp-json\/wp\/v2\/pages\/211\/revisions\/460"}],"up":[{"embeddable":true,"href":"http:\/\/www.mpguvenlik.com.tr\/index.php\/wp-json\/wp\/v2\/pages\/152"}],"wp:attachment":[{"href":"http:\/\/www.mpguvenlik.com.tr\/index.php\/wp-json\/wp\/v2\/media?parent=211"}],"curies":[{"name":"wp","href":"https:\/\/api.w.org\/{rel}","templated":true}]}}