{"id":185,"date":"2017-07-27T11:21:31","date_gmt":"2017-07-27T08:21:31","guid":{"rendered":"http:\/\/www.mpguvenlik.com.tr\/?page_id=185"},"modified":"2017-10-18T13:42:25","modified_gmt":"2017-10-18T10:42:25","slug":"danisma-ve-guvenlik-yonetimi","status":"publish","type":"page","link":"http:\/\/www.mpguvenlik.com.tr\/index.php\/hizmetlerimiz\/danisma-ve-guvenlik-yonetimi\/","title":{"rendered":"Dan\u0131\u015fma ve G\u00fcvenlik Y\u00f6netimi"},"content":{"rendered":"<div class=\"vc_row wpb_row vc_row-fluid vc_custom_1460367712249\"><div class=\"wpb_column vc_column_container vc_col-sm-12\"><div class=\"vc_column-inner \"><div class=\"wpb_wrapper\"><div class=\"vc_row wpb_row vc_inner vc_row-fluid\"><div class=\"wpb_column vc_column_container vc_col-sm-6\"><div class=\"vc_column-inner \"><div class=\"wpb_wrapper\">\n\t<div class=\"wpb_text_column wpb_content_element  wpb_animate_when_almost_visible wpb_left-to-right left-to-right\">\n\t\t<div class=\"wpb_wrapper\">\n\t\t\t<p><strong>MP G\u00dcVENL\u0130K <\/strong>olarak; 5188 say\u0131l\u0131 kanun ve bu kanunun uygulamas\u0131na y\u00f6nelik y\u00f6netmelik esas\u0131na ba\u011fl\u0131 kalarak, g\u00fcvenlik hizmetinin gere\u011fi ve talepler \u00fczerine \u015fah\u0131slar\u0131n, enerji nakil hatlar\u0131n\u0131n, barajlar\u0131n, termik santrallerinin, petrol ve do\u011falgaz boru hatlar\u0131n\u0131n, bankalar\u0131n, e\u011fitim merkezlerinin, al\u0131\u015fveri\u015f merkezlerinin, hastanelerin, spor m\u00fcsabakalar\u0131n\u0131n, fuarlar\u0131n, konserlerin, kamu ve \u00f6zel sekt\u00f6rlere ait i\u015f yerlerinin ne tarz bir tehdide maruz kalabilece\u011fi ve g\u00fcvenli\u011fe y\u00f6nelik tehditlerin neler olabilece\u011fi ve nas\u0131l g\u00fcvenli\u011fin sa\u011flanaca\u011f\u0131 konusunda dan\u0131\u015fmanl\u0131k ve risk de\u011ferlendirme hizmeti vermektedir.<\/p>\n\n\t\t<\/div>\n\t<\/div>\n<div class=\"vc_empty_space\"  style=\"height: 10px\" ><span class=\"vc_empty_space_inner\"><\/span><\/div>\n\n\t<div class=\"wpb_text_column wpb_content_element  wpb_animate_when_almost_visible wpb_right-to-left right-to-left\">\n\t\t<div class=\"wpb_wrapper\">\n\t\t\t<p><strong>G\u00dcVENL\u0130K R\u0130SK DANI\u015eMANLI\u011eI<\/strong><\/p>\n<p><strong>MP G\u00dcVENL\u0130K;<\/strong>\u00a0herhangi bir \u00f6zel g\u00fcvenlik \u015firketinin size sa\u011flad\u0131\u011f\u0131 g\u00fcvenlik hizmetinin etkinli\u011finin \u00f6l\u00e7\u00fclmesi, risk analizlerinin yap\u0131lmas\u0131, fiziki ve elektronik g\u00fcvenlik sistem ve prosed\u00fcrlerinin haz\u0131rlanmas\u0131, g\u00fcvenlik sa\u011flayan \u015firketin 5188 say\u0131l\u0131 kanuna uyumu konular\u0131nda dan\u0131\u015fmanl\u0131k hizmetleri sunmaktad\u0131r. Fiziki g\u00fcvenlik hizmeti verdi\u011fimiz m\u00fc\u015fterilerimize ayn\u0131 zamanda fiziki g\u00fcvenlik dan\u0131\u015fmanl\u0131\u011f\u0131 hizmetini de vermekteyiz.<\/p>\n\n\t\t<\/div>\n\t<\/div>\n<\/div><\/div><\/div><div class=\"wpb_column vc_column_container vc_col-sm-6\"><div class=\"vc_column-inner \"><div class=\"wpb_wrapper\">\n\t<div class=\"wpb_single_image wpb_content_element vc_align_left  wpb_animate_when_almost_visible wpb_right-to-left right-to-left\">\n\t\t\n\t\t<figure class=\"wpb_wrapper vc_figure\">\n\t\t\t<div class=\"vc_single_image-wrapper vc_box_shadow_border  vc_box_border_grey\"><img loading=\"lazy\" decoding=\"async\" width=\"720\" height=\"960\" src=\"http:\/\/www.mpguvenlik.com.tr\/wp-content\/uploads\/2017\/10\/mpguvenlik065.jpg\" class=\"vc_single_image-img attachment-full\" alt=\"\" srcset=\"http:\/\/www.mpguvenlik.com.tr\/wp-content\/uploads\/2017\/10\/mpguvenlik065-200x267.jpg 200w, http:\/\/www.mpguvenlik.com.tr\/wp-content\/uploads\/2017\/10\/mpguvenlik065-225x300.jpg 225w, http:\/\/www.mpguvenlik.com.tr\/wp-content\/uploads\/2017\/10\/mpguvenlik065-400x533.jpg 400w, http:\/\/www.mpguvenlik.com.tr\/wp-content\/uploads\/2017\/10\/mpguvenlik065-600x800.jpg 600w, http:\/\/www.mpguvenlik.com.tr\/wp-content\/uploads\/2017\/10\/mpguvenlik065.jpg 720w\" sizes=\"(max-width: 720px) 100vw, 720px\" \/><\/div>\n\t\t<\/figure>\n\t<\/div>\n<\/div><\/div><\/div><\/div><\/div><\/div><\/div><\/div>\n","protected":false},"excerpt":{"rendered":"MP G\u00dcVENL\u0130K olarak; 5188 say\u0131l\u0131 kanun ve bu kanunun uygulamas\u0131na y\u00f6nelik y\u00f6netmelik esas\u0131na ba\u011fl\u0131 kalarak, g\u00fcvenlik hizmetinin gere\u011fi ve talepler \u00fczerine \u015fah\u0131slar\u0131n, enerji nakil hatlar\u0131n\u0131n, barajlar\u0131n, termik santrallerinin, petrol ve do\u011falgaz boru hatlar\u0131n\u0131n, bankalar\u0131n, e\u011fitim merkezlerinin, al\u0131\u015fveri\u015f merkezlerinin, hastanelerin, spor m\u00fcsabakalar\u0131n\u0131n, fuarlar\u0131n, konserlerin, kamu ve \u00f6zel sekt\u00f6rlere ait i\u015f yerlerinin ne tarz bir tehdide maruz [...]","protected":false},"author":1,"featured_media":0,"parent":152,"menu_order":0,"comment_status":"closed","ping_status":"closed","template":"","meta":{"footnotes":""},"_links":{"self":[{"href":"http:\/\/www.mpguvenlik.com.tr\/index.php\/wp-json\/wp\/v2\/pages\/185"}],"collection":[{"href":"http:\/\/www.mpguvenlik.com.tr\/index.php\/wp-json\/wp\/v2\/pages"}],"about":[{"href":"http:\/\/www.mpguvenlik.com.tr\/index.php\/wp-json\/wp\/v2\/types\/page"}],"author":[{"embeddable":true,"href":"http:\/\/www.mpguvenlik.com.tr\/index.php\/wp-json\/wp\/v2\/users\/1"}],"replies":[{"embeddable":true,"href":"http:\/\/www.mpguvenlik.com.tr\/index.php\/wp-json\/wp\/v2\/comments?post=185"}],"version-history":[{"count":6,"href":"http:\/\/www.mpguvenlik.com.tr\/index.php\/wp-json\/wp\/v2\/pages\/185\/revisions"}],"predecessor-version":[{"id":541,"href":"http:\/\/www.mpguvenlik.com.tr\/index.php\/wp-json\/wp\/v2\/pages\/185\/revisions\/541"}],"up":[{"embeddable":true,"href":"http:\/\/www.mpguvenlik.com.tr\/index.php\/wp-json\/wp\/v2\/pages\/152"}],"wp:attachment":[{"href":"http:\/\/www.mpguvenlik.com.tr\/index.php\/wp-json\/wp\/v2\/media?parent=185"}],"curies":[{"name":"wp","href":"https:\/\/api.w.org\/{rel}","templated":true}]}}