{"id":176,"date":"2017-07-27T10:44:16","date_gmt":"2017-07-27T07:44:16","guid":{"rendered":"http:\/\/www.mpguvenlik.com.tr\/?page_id=176"},"modified":"2017-10-18T13:40:17","modified_gmt":"2017-10-18T10:40:17","slug":"aktivite-guvenligi","status":"publish","type":"page","link":"http:\/\/www.mpguvenlik.com.tr\/index.php\/hizmetlerimiz\/aktivite-guvenligi\/","title":{"rendered":"Aktivite G\u00fcvenli\u011fi"},"content":{"rendered":"<div class=\"vc_row wpb_row vc_row-fluid\"><div class=\"wpb_column vc_column_container vc_col-sm-12\"><div class=\"vc_column-inner \"><div class=\"wpb_wrapper\">\n\t<div class=\"wpb_text_column wpb_content_element \">\n\t\t<div class=\"wpb_wrapper\">\n\t\t\t<p><span style=\"color: #333333;\"><strong>MP G\u00dcVENL\u0130K;<\/strong> T\u00fcrkiye\u2019nin her yerinde her t\u00fcrl\u00fc fuar, toplant\u0131, konferans, sergi, seminer ve konserlerinizin amac\u0131na uygun y\u00fcksek performans seviyesine katk\u0131 sa\u011flayacak g\u00fcvenli bir \u015fekilde ger\u00e7ekle\u015fmesi i\u00e7in profesyonel yakla\u015f\u0131ml\u0131 aktivite g\u00fcvenlik hizmeti sunmaktad\u0131r.<\/span><\/p>\n\n\t\t<\/div>\n\t<\/div>\n<\/div><\/div><\/div><\/div><div class=\"vc_row wpb_row vc_row-fluid\"><div class=\"wpb_column vc_column_container vc_col-sm-6\"><div class=\"vc_column-inner \"><div class=\"wpb_wrapper\">\n\t<div class=\"wpb_single_image wpb_content_element vc_align_center\">\n\t\t\n\t\t<figure class=\"wpb_wrapper vc_figure\">\n\t\t\t<div class=\"vc_single_image-wrapper vc_box_shadow_3d  vc_box_border_grey\"><img loading=\"lazy\" decoding=\"async\" width=\"800\" height=\"600\" src=\"http:\/\/www.mpguvenlik.com.tr\/wp-content\/uploads\/2017\/10\/mpguvenlik093.jpg\" class=\"vc_single_image-img attachment-full\" alt=\"\" srcset=\"http:\/\/www.mpguvenlik.com.tr\/wp-content\/uploads\/2017\/10\/mpguvenlik093-200x150.jpg 200w, http:\/\/www.mpguvenlik.com.tr\/wp-content\/uploads\/2017\/10\/mpguvenlik093-300x225.jpg 300w, http:\/\/www.mpguvenlik.com.tr\/wp-content\/uploads\/2017\/10\/mpguvenlik093-400x300.jpg 400w, http:\/\/www.mpguvenlik.com.tr\/wp-content\/uploads\/2017\/10\/mpguvenlik093-600x450.jpg 600w, http:\/\/www.mpguvenlik.com.tr\/wp-content\/uploads\/2017\/10\/mpguvenlik093-768x576.jpg 768w, http:\/\/www.mpguvenlik.com.tr\/wp-content\/uploads\/2017\/10\/mpguvenlik093.jpg 800w\" sizes=\"(max-width: 800px) 100vw, 800px\" \/><\/div>\n\t\t<\/figure>\n\t<\/div>\n<\/div><\/div><\/div><div class=\"wpb_column vc_column_container vc_col-sm-6\"><div class=\"vc_column-inner \"><div class=\"wpb_wrapper\">\n\t<div class=\"wpb_single_image wpb_content_element vc_align_center\">\n\t\t\n\t\t<figure class=\"wpb_wrapper vc_figure\">\n\t\t\t<div class=\"vc_single_image-wrapper vc_box_shadow_3d  vc_box_border_grey\"><img loading=\"lazy\" decoding=\"async\" width=\"800\" height=\"600\" src=\"http:\/\/www.mpguvenlik.com.tr\/wp-content\/uploads\/2017\/10\/mpguvenlik092-1.jpg\" class=\"vc_single_image-img attachment-full\" alt=\"\" srcset=\"http:\/\/www.mpguvenlik.com.tr\/wp-content\/uploads\/2017\/10\/mpguvenlik092-1-200x150.jpg 200w, http:\/\/www.mpguvenlik.com.tr\/wp-content\/uploads\/2017\/10\/mpguvenlik092-1-300x225.jpg 300w, http:\/\/www.mpguvenlik.com.tr\/wp-content\/uploads\/2017\/10\/mpguvenlik092-1-400x300.jpg 400w, http:\/\/www.mpguvenlik.com.tr\/wp-content\/uploads\/2017\/10\/mpguvenlik092-1-600x450.jpg 600w, http:\/\/www.mpguvenlik.com.tr\/wp-content\/uploads\/2017\/10\/mpguvenlik092-1-768x576.jpg 768w, http:\/\/www.mpguvenlik.com.tr\/wp-content\/uploads\/2017\/10\/mpguvenlik092-1.jpg 800w\" sizes=\"(max-width: 800px) 100vw, 800px\" \/><\/div>\n\t\t<\/figure>\n\t<\/div>\n<\/div><\/div><\/div><\/div>\n","protected":false},"excerpt":{"rendered":"MP G\u00dcVENL\u0130K; T\u00fcrkiye\u2019nin her yerinde her t\u00fcrl\u00fc fuar, toplant\u0131, konferans, sergi, seminer ve konserlerinizin amac\u0131na uygun y\u00fcksek performans seviyesine katk\u0131 sa\u011flayacak g\u00fcvenli bir \u015fekilde ger\u00e7ekle\u015fmesi i\u00e7in profesyonel yakla\u015f\u0131ml\u0131 aktivite g\u00fcvenlik hizmeti sunmaktad\u0131r.","protected":false},"author":1,"featured_media":0,"parent":152,"menu_order":0,"comment_status":"closed","ping_status":"closed","template":"","meta":{"footnotes":""},"_links":{"self":[{"href":"http:\/\/www.mpguvenlik.com.tr\/index.php\/wp-json\/wp\/v2\/pages\/176"}],"collection":[{"href":"http:\/\/www.mpguvenlik.com.tr\/index.php\/wp-json\/wp\/v2\/pages"}],"about":[{"href":"http:\/\/www.mpguvenlik.com.tr\/index.php\/wp-json\/wp\/v2\/types\/page"}],"author":[{"embeddable":true,"href":"http:\/\/www.mpguvenlik.com.tr\/index.php\/wp-json\/wp\/v2\/users\/1"}],"replies":[{"embeddable":true,"href":"http:\/\/www.mpguvenlik.com.tr\/index.php\/wp-json\/wp\/v2\/comments?post=176"}],"version-history":[{"count":7,"href":"http:\/\/www.mpguvenlik.com.tr\/index.php\/wp-json\/wp\/v2\/pages\/176\/revisions"}],"predecessor-version":[{"id":540,"href":"http:\/\/www.mpguvenlik.com.tr\/index.php\/wp-json\/wp\/v2\/pages\/176\/revisions\/540"}],"up":[{"embeddable":true,"href":"http:\/\/www.mpguvenlik.com.tr\/index.php\/wp-json\/wp\/v2\/pages\/152"}],"wp:attachment":[{"href":"http:\/\/www.mpguvenlik.com.tr\/index.php\/wp-json\/wp\/v2\/media?parent=176"}],"curies":[{"name":"wp","href":"https:\/\/api.w.org\/{rel}","templated":true}]}}