{"id":168,"date":"2017-07-25T14:20:35","date_gmt":"2017-07-25T11:20:35","guid":{"rendered":"http:\/\/www.mpguvenlik.com.tr\/?page_id=168"},"modified":"2017-10-11T12:15:05","modified_gmt":"2017-10-11T09:15:05","slug":"vizyon-misyon","status":"publish","type":"page","link":"http:\/\/www.mpguvenlik.com.tr\/index.php\/hakkimizda\/vizyon-misyon\/","title":{"rendered":"Vizyon &#038; Misyon"},"content":{"rendered":"<div class=\"vc_row wpb_row vc_row-fluid\"><div class=\"wpb_column vc_column_container vc_col-sm-6\"><div class=\"vc_column-inner \"><div class=\"wpb_wrapper\">\n\t<div class=\"wpb_single_image wpb_content_element vc_align_center\">\n\t\t\n\t\t<figure class=\"wpb_wrapper vc_figure\">\n\t\t\t<div class=\"vc_single_image-wrapper vc_box_shadow_3d  vc_box_border_grey\"><img loading=\"lazy\" decoding=\"async\" width=\"1280\" height=\"720\" src=\"http:\/\/www.mpguvenlik.com.tr\/wp-content\/uploads\/2017\/07\/mpguvenlik034.jpg\" class=\"vc_single_image-img attachment-full\" alt=\"\" srcset=\"http:\/\/www.mpguvenlik.com.tr\/wp-content\/uploads\/2017\/07\/mpguvenlik034-200x113.jpg 200w, http:\/\/www.mpguvenlik.com.tr\/wp-content\/uploads\/2017\/07\/mpguvenlik034-300x169.jpg 300w, http:\/\/www.mpguvenlik.com.tr\/wp-content\/uploads\/2017\/07\/mpguvenlik034-400x225.jpg 400w, http:\/\/www.mpguvenlik.com.tr\/wp-content\/uploads\/2017\/07\/mpguvenlik034-600x338.jpg 600w, http:\/\/www.mpguvenlik.com.tr\/wp-content\/uploads\/2017\/07\/mpguvenlik034-768x432.jpg 768w, http:\/\/www.mpguvenlik.com.tr\/wp-content\/uploads\/2017\/07\/mpguvenlik034-800x450.jpg 800w, http:\/\/www.mpguvenlik.com.tr\/wp-content\/uploads\/2017\/07\/mpguvenlik034-1024x576.jpg 1024w, http:\/\/www.mpguvenlik.com.tr\/wp-content\/uploads\/2017\/07\/mpguvenlik034-1200x675.jpg 1200w, http:\/\/www.mpguvenlik.com.tr\/wp-content\/uploads\/2017\/07\/mpguvenlik034.jpg 1280w\" sizes=\"(max-width: 1280px) 100vw, 1280px\" \/><\/div>\n\t\t<\/figure>\n\t<\/div>\n<\/div><\/div><\/div><div class=\"wpb_column vc_column_container vc_col-sm-6\"><div class=\"vc_column-inner \"><div class=\"wpb_wrapper\"><h2 style=\"font-size: 30px;color: #f44336;text-align: left;font-family:Exo;font-weight:400;font-style:normal\" class=\"vc_custom_heading\">V\u0130ZYON<\/h2><div class=\"vc_separator wpb_content_element vc_separator_align_center vc_sep_width_100 vc_sep_pos_align_center vc_separator_no_text vc_sep_color_grey\"><span class=\"vc_sep_holder vc_sep_holder_l\"><span  class=\"vc_sep_line\"><\/span><\/span><span class=\"vc_sep_holder vc_sep_holder_r\"><span  class=\"vc_sep_line\"><\/span><\/span>\n<\/div>\n\t<div class=\"wpb_text_column wpb_content_element \">\n\t\t<div class=\"wpb_wrapper\">\n\t\t\t<p><strong>V\u0130ZYONUMUZ<\/strong>; yurti\u00e7i ve yurtd\u0131\u015f\u0131nda kamu ve \u00f6zel sekt\u00f6rdeki ihtiya\u00e7 sahiplerinin \u00f6zel g\u00fcvenlik hizmetlerinde ilk tercihi olmakt\u0131r.<\/p>\n\n\t\t<\/div>\n\t<\/div>\n<h2 style=\"font-size: 30px;color: #f44336;text-align: left;font-family:Exo;font-weight:400;font-style:normal\" class=\"vc_custom_heading\">M\u0130SYON<\/h2><div class=\"vc_separator wpb_content_element vc_separator_align_center vc_sep_width_100 vc_sep_pos_align_center vc_separator_no_text vc_sep_color_grey\"><span class=\"vc_sep_holder vc_sep_holder_l\"><span  class=\"vc_sep_line\"><\/span><\/span><span class=\"vc_sep_holder vc_sep_holder_r\"><span  class=\"vc_sep_line\"><\/span><\/span>\n<\/div>\n\t<div class=\"wpb_text_column wpb_content_element \">\n\t\t<div class=\"wpb_wrapper\">\n\t\t\t<p><strong>M\u0130SYONUMUZ<\/strong>; cesaret, erdem, d\u00fcr\u00fcstl\u00fck ve sayg\u0131 de\u011ferleri \u00fczerine tesis edilen h\u0131zl\u0131 \u00e7\u00f6z\u00fcm olu\u015fturma, \u00f6zenli \u00e7al\u0131\u015fma ve profesyonelli\u011fimizi sergilerken; m\u00fc\u015fteriye \u00f6zel, yarat\u0131c\u0131, s\u00fcrekli geli\u015fime a\u00e7\u0131k ve ara\u015ft\u0131r\u0131c\u0131 y\u00f6ntemlerle, yerli ve yabanc\u0131 m\u00fc\u015fterilerimize\u00a0kaliteli \u00f6zel g\u00fcvenlik hizmetleri sa\u011flamakt\u0131r.<\/p>\n\n\t\t<\/div>\n\t<\/div>\n<\/div><\/div><\/div><\/div>\n","protected":false},"excerpt":{"rendered":"V\u0130ZYON V\u0130ZYONUMUZ; yurti\u00e7i ve yurtd\u0131\u015f\u0131nda kamu ve \u00f6zel sekt\u00f6rdeki ihtiya\u00e7 sahiplerinin \u00f6zel g\u00fcvenlik hizmetlerinde ilk tercihi olmakt\u0131r. M\u0130SYON M\u0130SYONUMUZ; cesaret, erdem, d\u00fcr\u00fcstl\u00fck ve sayg\u0131 de\u011ferleri \u00fczerine tesis edilen h\u0131zl\u0131 \u00e7\u00f6z\u00fcm olu\u015fturma, \u00f6zenli \u00e7al\u0131\u015fma ve profesyonelli\u011fimizi sergilerken; m\u00fc\u015fteriye \u00f6zel, yarat\u0131c\u0131, s\u00fcrekli geli\u015fime a\u00e7\u0131k ve ara\u015ft\u0131r\u0131c\u0131 y\u00f6ntemlerle, yerli ve yabanc\u0131 m\u00fc\u015fterilerimize\u00a0kaliteli \u00f6zel g\u00fcvenlik hizmetleri sa\u011flamakt\u0131r.","protected":false},"author":1,"featured_media":0,"parent":150,"menu_order":0,"comment_status":"closed","ping_status":"closed","template":"","meta":{"footnotes":""},"_links":{"self":[{"href":"http:\/\/www.mpguvenlik.com.tr\/index.php\/wp-json\/wp\/v2\/pages\/168"}],"collection":[{"href":"http:\/\/www.mpguvenlik.com.tr\/index.php\/wp-json\/wp\/v2\/pages"}],"about":[{"href":"http:\/\/www.mpguvenlik.com.tr\/index.php\/wp-json\/wp\/v2\/types\/page"}],"author":[{"embeddable":true,"href":"http:\/\/www.mpguvenlik.com.tr\/index.php\/wp-json\/wp\/v2\/users\/1"}],"replies":[{"embeddable":true,"href":"http:\/\/www.mpguvenlik.com.tr\/index.php\/wp-json\/wp\/v2\/comments?post=168"}],"version-history":[{"count":5,"href":"http:\/\/www.mpguvenlik.com.tr\/index.php\/wp-json\/wp\/v2\/pages\/168\/revisions"}],"predecessor-version":[{"id":432,"href":"http:\/\/www.mpguvenlik.com.tr\/index.php\/wp-json\/wp\/v2\/pages\/168\/revisions\/432"}],"up":[{"embeddable":true,"href":"http:\/\/www.mpguvenlik.com.tr\/index.php\/wp-json\/wp\/v2\/pages\/150"}],"wp:attachment":[{"href":"http:\/\/www.mpguvenlik.com.tr\/index.php\/wp-json\/wp\/v2\/media?parent=168"}],"curies":[{"name":"wp","href":"https:\/\/api.w.org\/{rel}","templated":true}]}}